{"id":1897,"date":"2024-12-02T10:10:55","date_gmt":"2024-12-02T09:10:55","guid":{"rendered":"https:\/\/iatrio.es\/qui-som\/"},"modified":"2025-03-01T16:41:30","modified_gmt":"2025-03-01T15:41:30","slug":"qui-som","status":"publish","type":"page","link":"https:\/\/iatrio.es\/ca\/qui-som\/","title":{"rendered":"Qui som"},"content":{"rendered":"\t\t<div data-elementor-type=\"wp-page\" data-elementor-id=\"1897\" class=\"elementor elementor-1897 elementor-180\" data-elementor-post-type=\"page\">\n\t\t\t\t<div class=\"elementor-element elementor-element-2542e95 e-con-full e-flex e-con e-parent\" data-id=\"2542e95\" data-element_type=\"container\" data-e-type=\"container\" data-settings=\"{&quot;background_background&quot;:&quot;classic&quot;}\">\n\t\t<div class=\"elementor-element elementor-element-cfbc2b0 e-con-full e-flex e-con e-child\" data-id=\"cfbc2b0\" data-element_type=\"container\" data-e-type=\"container\" data-settings=\"{&quot;background_background&quot;:&quot;classic&quot;}\">\n\t\t\t\t<\/div>\n\t\t<div class=\"elementor-element elementor-element-f0f6863 e-con-full e-flex e-con e-child\" data-id=\"f0f6863\" data-element_type=\"container\" data-e-type=\"container\">\n\t\t\t\t<div class=\"elementor-element elementor-element-c3589df elementor-widget elementor-widget-heading\" data-id=\"c3589df\" data-element_type=\"widget\" data-e-type=\"widget\" data-widget_type=\"heading.default\">\n\t\t\t\t\t<h1 class=\"elementor-heading-title elementor-size-default\">Qui som<\/h1>\t\t\t\t<\/div>\n\t\t\t\t<div class=\"elementor-element elementor-element-bc25051 elementor-invisible elementor-widget elementor-widget-text-editor\" data-id=\"bc25051\" data-element_type=\"widget\" data-e-type=\"widget\" data-settings=\"{&quot;_animation&quot;:&quot;fadeIn&quot;}\" data-widget_type=\"text-editor.default\">\n\t\t\t\t\t\t\t\t\t<p>A Iatrio Team som un equip amb una \u00e0mplia experi\u00e8ncia en la fabricaci\u00f3 i muntatge de mobiliari per a espais comercials.<\/p>\n<p><\/p>\n\t\t\t\t\t\t\t\t<\/div>\n\t\t\t\t<\/div>\n\t\t\t\t<\/div>\n\t\t<div class=\"elementor-element elementor-element-c438772 bg-fosc e-flex e-con-boxed e-con e-parent\" data-id=\"c438772\" data-element_type=\"container\" data-e-type=\"container\" id=\"produccio\" data-settings=\"{&quot;background_background&quot;:&quot;classic&quot;}\">\n\t\t\t\t\t<div class=\"e-con-inner\">\n\t\t<div class=\"elementor-element elementor-element-3b5aa0c e-flex e-con-boxed e-con e-child\" data-id=\"3b5aa0c\" data-element_type=\"container\" data-e-type=\"container\">\n\t\t\t\t\t<div class=\"e-con-inner\">\n\t\t\t\t<div class=\"elementor-element elementor-element-e128e1d elementor-widget elementor-widget-heading\" data-id=\"e128e1d\" data-element_type=\"widget\" data-e-type=\"widget\" data-widget_type=\"heading.default\">\n\t\t\t\t\t<h2 class=\"elementor-heading-title elementor-size-default\">Centres de producci\u00f3<\/h2>\t\t\t\t<\/div>\n\t\t\t\t<div class=\"elementor-element elementor-element-12cadaf elementor-widget elementor-widget-heading\" data-id=\"12cadaf\" data-element_type=\"widget\" data-e-type=\"widget\" data-widget_type=\"heading.default\">\n\t\t\t\t\t<h2 class=\"elementor-heading-title elementor-size-default\">Comptem amb tres centres de producci\u00f3 situats a Barcelona, M\u00e0laga i Val\u00e8ncia, punts estrat\u00e8gics que ens permeten oferir un servei \u00e0gil i eficient a tot el territori nacional. La nostra s\u00f2lida traject\u00f2ria ens avala per oferir solucions de qualitat, adaptades a les necessitats de cada client.<\/h2>\t\t\t\t<\/div>\n\t\t\t\t\t<\/div>\n\t\t\t\t<\/div>\n\t\t<div class=\"elementor-element elementor-element-06d5e99 e-grid e-con-full menu-iatrio e-con e-child\" data-id=\"06d5e99\" data-element_type=\"container\" data-e-type=\"container\">\n\t\t<div class=\"elementor-element elementor-element-5de1b14 e-con-full e-flex e-con e-child\" data-id=\"5de1b14\" data-element_type=\"container\" data-e-type=\"container\">\n\t\t<a class=\"elementor-element elementor-element-df7e770 e-con-full elementor-hidden-desktop elementor-hidden-tablet elementor-hidden-mobile e-flex e-con e-child\" data-id=\"df7e770\" data-element_type=\"container\" data-e-type=\"container\" data-settings=\"{&quot;background_background&quot;:&quot;classic&quot;}\">\n\t\t\t\t<\/a>\n\t\t\t\t<div class=\"elementor-element elementor-element-b91ae27 elementor-widget elementor-widget-heading\" data-id=\"b91ae27\" data-element_type=\"widget\" data-e-type=\"widget\" data-widget_type=\"heading.default\">\n\t\t\t\t\t<span class=\"elementor-heading-title elementor-size-default\">Barcelona<\/span>\t\t\t\t<\/div>\n\t\t\t\t<\/div>\n\t\t<div class=\"elementor-element elementor-element-01ae39c e-con-full e-flex e-con e-child\" data-id=\"01ae39c\" data-element_type=\"container\" data-e-type=\"container\">\n\t\t\t\t<div class=\"elementor-element elementor-element-c6af44f elementor-widget elementor-widget-heading\" data-id=\"c6af44f\" data-element_type=\"widget\" data-e-type=\"widget\" data-widget_type=\"heading.default\">\n\t\t\t\t\t<span class=\"elementor-heading-title elementor-size-default\">Val\u00e8ncia<\/span>\t\t\t\t<\/div>\n\t\t<a class=\"elementor-element elementor-element-99a024b e-con-full elementor-hidden-desktop elementor-hidden-tablet elementor-hidden-mobile e-flex e-con e-child\" data-id=\"99a024b\" data-element_type=\"container\" data-e-type=\"container\" data-settings=\"{&quot;background_background&quot;:&quot;classic&quot;}\">\n\t\t\t\t<\/a>\n\t\t\t\t<\/div>\n\t\t<div class=\"elementor-element elementor-element-497bfb6 e-con-full e-flex e-con e-child\" data-id=\"497bfb6\" data-element_type=\"container\" data-e-type=\"container\">\n\t\t<a class=\"elementor-element elementor-element-add32f0 e-con-full elementor-hidden-desktop elementor-hidden-tablet elementor-hidden-mobile e-flex e-con e-child\" data-id=\"add32f0\" data-element_type=\"container\" data-e-type=\"container\" data-settings=\"{&quot;background_background&quot;:&quot;classic&quot;}\">\n\t\t\t\t<\/a>\n\t\t\t\t<div class=\"elementor-element elementor-element-de8d58f elementor-widget elementor-widget-heading\" data-id=\"de8d58f\" data-element_type=\"widget\" data-e-type=\"widget\" data-widget_type=\"heading.default\">\n\t\t\t\t\t<span class=\"elementor-heading-title elementor-size-default\">M\u00e0laga<\/span>\t\t\t\t<\/div>\n\t\t\t\t<\/div>\n\t\t\t\t<\/div>\n\t\t\t\t\t<\/div>\n\t\t\t\t<\/div>\n\t\t<div class=\"elementor-element elementor-element-b7e991f e-flex e-con-boxed e-con e-parent\" data-id=\"b7e991f\" data-element_type=\"container\" data-e-type=\"container\">\n\t\t\t\t\t<div class=\"e-con-inner\">\n\t\t<div class=\"elementor-element elementor-element-46bddaf e-con-full e-flex e-con e-child\" data-id=\"46bddaf\" data-element_type=\"container\" data-e-type=\"container\">\n\t\t\t\t<div class=\"elementor-element elementor-element-ea2cbde elementor-widget elementor-widget-text-editor\" data-id=\"ea2cbde\" data-element_type=\"widget\" data-e-type=\"widget\" data-widget_type=\"text-editor.default\">\n\t\t\t\t\t\t\t\t\t<h2>Espais comercials fabricats amb excel\u00b7l\u00e8ncia i precisi\u00f3.<\/h2>\n<p> Si tens un nou projecte, contacta amb nosaltres i farem realitat el teu disseny.<\/p>\n\t\t\t\t\t\t\t\t<\/div>\n\t\t\t\t<div class=\"elementor-element elementor-element-6f27278 elementor-align-left elementor-widget elementor-widget-button\" data-id=\"6f27278\" data-element_type=\"widget\" data-e-type=\"widget\" data-widget_type=\"button.default\">\n\t\t\t\t\t\t\t\t\t\t<a class=\"elementor-button elementor-button-link elementor-size-sm\" href=\"https:\/\/iatrio.es\/ca\/contacte\/\">\n\t\t\t\t\t\t<span class=\"elementor-button-content-wrapper\">\n\t\t\t\t\t\t\t\t\t<span class=\"elementor-button-text\">Contacte<\/span>\n\t\t\t\t\t<\/span>\n\t\t\t\t\t<\/a>\n\t\t\t\t\t\t\t\t<\/div>\n\t\t\t\t<\/div>\n\t\t\t\t\t<\/div>\n\t\t\t\t<\/div>\n\t\t\t\t<\/div>\n\t\t","protected":false},"excerpt":{"rendered":"<p>Qui som A Iatrio Team som un equip amb una \u00e0mplia experi\u00e8ncia en la fabricaci\u00f3 i muntatge de mobiliari per a espais comercials. Centres de producci\u00f3 Comptem amb tres centres de producci\u00f3 situats a Barcelona, M\u00e0laga i Val\u00e8ncia, punts estrat\u00e8gics que ens permeten oferir un servei \u00e0gil i eficient a tot el territori nacional. La [&hellip;]<\/p>\n","protected":false},"author":1,"featured_media":0,"parent":0,"menu_order":0,"comment_status":"closed","ping_status":"closed","template":"page-header-clar.php","meta":{"_acf_changed":false,"footnotes":""},"class_list":["post-1897","page","type-page","status-publish","hentry"],"acf":[],"yoast_head":"<!-- This site is optimized with the Yoast SEO plugin v27.5 - https:\/\/yoast.com\/product\/yoast-seo-wordpress\/ -->\n<title>Qui som - Iatrio<\/title>\n<meta name=\"robots\" content=\"index, follow, max-snippet:-1, max-image-preview:large, max-video-preview:-1\" \/>\n<link rel=\"canonical\" href=\"https:\/\/iatrio.es\/quienes-somos\/\" \/>\n<meta property=\"og:locale\" content=\"ca_ES\" \/>\n<meta property=\"og:type\" content=\"article\" \/>\n<meta property=\"og:title\" content=\"Qui som - Iatrio\" \/>\n<meta property=\"og:description\" content=\"Qui som A Iatrio Team som un equip amb una \u00e0mplia experi\u00e8ncia en la fabricaci\u00f3 i muntatge de mobiliari per a espais comercials. Centres de producci\u00f3 Comptem amb tres centres de producci\u00f3 situats a Barcelona, M\u00e0laga i Val\u00e8ncia, punts estrat\u00e8gics que ens permeten oferir un servei \u00e0gil i eficient a tot el territori nacional. La [&hellip;]\" \/>\n<meta property=\"og:url\" content=\"https:\/\/iatrio.es\/quienes-somos\/\" \/>\n<meta property=\"og:site_name\" content=\"Iatrio\" \/>\n<meta property=\"article:modified_time\" content=\"2025-03-01T15:41:30+00:00\" \/>\n<meta name=\"twitter:card\" content=\"summary_large_image\" \/>\n<meta name=\"twitter:label1\" content=\"Temps estimat de lectura\" \/>\n\t<meta name=\"twitter:data1\" content=\"1 minut\" \/>\n<script type=\"application\/ld+json\" class=\"yoast-schema-graph\">{\"@context\":\"https:\\\/\\\/schema.org\",\"@graph\":[{\"@type\":\"WebPage\",\"@id\":\"https:\\\/\\\/iatrio.es\\\/quienes-somos\\\/\",\"url\":\"https:\\\/\\\/iatrio.es\\\/quienes-somos\\\/\",\"name\":\"Qui som - Iatrio\",\"isPartOf\":{\"@id\":\"https:\\\/\\\/iatrio.es\\\/#website\"},\"datePublished\":\"2024-12-02T09:10:55+00:00\",\"dateModified\":\"2025-03-01T15:41:30+00:00\",\"breadcrumb\":{\"@id\":\"https:\\\/\\\/iatrio.es\\\/quienes-somos\\\/#breadcrumb\"},\"inLanguage\":\"ca\",\"potentialAction\":[{\"@type\":\"ReadAction\",\"target\":[\"https:\\\/\\\/iatrio.es\\\/quienes-somos\\\/\"]}]},{\"@type\":\"BreadcrumbList\",\"@id\":\"https:\\\/\\\/iatrio.es\\\/quienes-somos\\\/#breadcrumb\",\"itemListElement\":[{\"@type\":\"ListItem\",\"position\":1,\"name\":\"Inici\",\"item\":\"https:\\\/\\\/iatrio.es\\\/\"},{\"@type\":\"ListItem\",\"position\":2,\"name\":\"Qui som\"}]},{\"@type\":\"WebSite\",\"@id\":\"https:\\\/\\\/iatrio.es\\\/#website\",\"url\":\"https:\\\/\\\/iatrio.es\\\/\",\"name\":\"Iatrio\",\"description\":\"Fabricaci\u00f3 de mobiliari, plv i retail.\",\"publisher\":{\"@id\":\"https:\\\/\\\/iatrio.es\\\/#organization\"},\"potentialAction\":[{\"@type\":\"SearchAction\",\"target\":{\"@type\":\"EntryPoint\",\"urlTemplate\":\"https:\\\/\\\/iatrio.es\\\/?s={search_term_string}\"},\"query-input\":{\"@type\":\"PropertyValueSpecification\",\"valueRequired\":true,\"valueName\":\"search_term_string\"}}],\"inLanguage\":\"ca\"},{\"@type\":\"Organization\",\"@id\":\"https:\\\/\\\/iatrio.es\\\/#organization\",\"name\":\"Iatrio\",\"url\":\"https:\\\/\\\/iatrio.es\\\/\",\"logo\":{\"@type\":\"ImageObject\",\"inLanguage\":\"ca\",\"@id\":\"https:\\\/\\\/iatrio.es\\\/#\\\/schema\\\/logo\\\/image\\\/\",\"url\":\"https:\\\/\\\/iatrio.es\\\/wp-content\\\/uploads\\\/2024\\\/12\\\/IATRIO-logo.svg\",\"contentUrl\":\"https:\\\/\\\/iatrio.es\\\/wp-content\\\/uploads\\\/2024\\\/12\\\/IATRIO-logo.svg\",\"width\":163,\"height\":31,\"caption\":\"Iatrio\"},\"image\":{\"@id\":\"https:\\\/\\\/iatrio.es\\\/#\\\/schema\\\/logo\\\/image\\\/\"}}]}<\/script>\n<!-- \/ Yoast SEO plugin. -->","yoast_head_json":{"title":"Qui som - Iatrio","robots":{"index":"index","follow":"follow","max-snippet":"max-snippet:-1","max-image-preview":"max-image-preview:large","max-video-preview":"max-video-preview:-1"},"canonical":"https:\/\/iatrio.es\/quienes-somos\/","og_locale":"ca_ES","og_type":"article","og_title":"Qui som - Iatrio","og_description":"Qui som A Iatrio Team som un equip amb una \u00e0mplia experi\u00e8ncia en la fabricaci\u00f3 i muntatge de mobiliari per a espais comercials. Centres de producci\u00f3 Comptem amb tres centres de producci\u00f3 situats a Barcelona, M\u00e0laga i Val\u00e8ncia, punts estrat\u00e8gics que ens permeten oferir un servei \u00e0gil i eficient a tot el territori nacional. La [&hellip;]","og_url":"https:\/\/iatrio.es\/quienes-somos\/","og_site_name":"Iatrio","article_modified_time":"2025-03-01T15:41:30+00:00","twitter_card":"summary_large_image","twitter_misc":{"Temps estimat de lectura":"1 minut"},"schema":{"@context":"https:\/\/schema.org","@graph":[{"@type":"WebPage","@id":"https:\/\/iatrio.es\/quienes-somos\/","url":"https:\/\/iatrio.es\/quienes-somos\/","name":"Qui som - Iatrio","isPartOf":{"@id":"https:\/\/iatrio.es\/#website"},"datePublished":"2024-12-02T09:10:55+00:00","dateModified":"2025-03-01T15:41:30+00:00","breadcrumb":{"@id":"https:\/\/iatrio.es\/quienes-somos\/#breadcrumb"},"inLanguage":"ca","potentialAction":[{"@type":"ReadAction","target":["https:\/\/iatrio.es\/quienes-somos\/"]}]},{"@type":"BreadcrumbList","@id":"https:\/\/iatrio.es\/quienes-somos\/#breadcrumb","itemListElement":[{"@type":"ListItem","position":1,"name":"Inici","item":"https:\/\/iatrio.es\/"},{"@type":"ListItem","position":2,"name":"Qui som"}]},{"@type":"WebSite","@id":"https:\/\/iatrio.es\/#website","url":"https:\/\/iatrio.es\/","name":"Iatrio","description":"Fabricaci\u00f3 de mobiliari, plv i retail.","publisher":{"@id":"https:\/\/iatrio.es\/#organization"},"potentialAction":[{"@type":"SearchAction","target":{"@type":"EntryPoint","urlTemplate":"https:\/\/iatrio.es\/?s={search_term_string}"},"query-input":{"@type":"PropertyValueSpecification","valueRequired":true,"valueName":"search_term_string"}}],"inLanguage":"ca"},{"@type":"Organization","@id":"https:\/\/iatrio.es\/#organization","name":"Iatrio","url":"https:\/\/iatrio.es\/","logo":{"@type":"ImageObject","inLanguage":"ca","@id":"https:\/\/iatrio.es\/#\/schema\/logo\/image\/","url":"https:\/\/iatrio.es\/wp-content\/uploads\/2024\/12\/IATRIO-logo.svg","contentUrl":"https:\/\/iatrio.es\/wp-content\/uploads\/2024\/12\/IATRIO-logo.svg","width":163,"height":31,"caption":"Iatrio"},"image":{"@id":"https:\/\/iatrio.es\/#\/schema\/logo\/image\/"}}]}},"_links":{"self":[{"href":"https:\/\/iatrio.es\/ca\/wp-json\/wp\/v2\/pages\/1897","targetHints":{"allow":["GET"]}}],"collection":[{"href":"https:\/\/iatrio.es\/ca\/wp-json\/wp\/v2\/pages"}],"about":[{"href":"https:\/\/iatrio.es\/ca\/wp-json\/wp\/v2\/types\/page"}],"author":[{"embeddable":true,"href":"https:\/\/iatrio.es\/ca\/wp-json\/wp\/v2\/users\/1"}],"replies":[{"embeddable":true,"href":"https:\/\/iatrio.es\/ca\/wp-json\/wp\/v2\/comments?post=1897"}],"version-history":[{"count":0,"href":"https:\/\/iatrio.es\/ca\/wp-json\/wp\/v2\/pages\/1897\/revisions"}],"wp:attachment":[{"href":"https:\/\/iatrio.es\/ca\/wp-json\/wp\/v2\/media?parent=1897"}],"curies":[{"name":"wp","href":"https:\/\/api.w.org\/{rel}","templated":true}]}}