{"id":1982,"date":"2024-12-02T10:10:32","date_gmt":"2024-12-02T09:10:32","guid":{"rendered":"https:\/\/iatrio.es\/contacte\/"},"modified":"2025-04-05T07:45:23","modified_gmt":"2025-04-05T06:45:23","slug":"contacte","status":"publish","type":"page","link":"https:\/\/iatrio.es\/ca\/contacte\/","title":{"rendered":"Contacte"},"content":{"rendered":"\t\t<div data-elementor-type=\"wp-page\" data-elementor-id=\"1982\" class=\"elementor elementor-1982 elementor-184\" data-elementor-post-type=\"page\">\n\t\t\t\t<div class=\"elementor-element elementor-element-b669fa6 e-con-full e-flex e-con e-parent\" data-id=\"b669fa6\" data-element_type=\"container\" data-e-type=\"container\" data-settings=\"{&quot;background_background&quot;:&quot;classic&quot;}\">\n\t\t<div class=\"elementor-element elementor-element-2b0ddc1 e-con-full e-flex e-con e-child\" data-id=\"2b0ddc1\" data-element_type=\"container\" data-e-type=\"container\" data-settings=\"{&quot;background_background&quot;:&quot;classic&quot;}\">\n\t\t\t\t<\/div>\n\t\t<div class=\"elementor-element elementor-element-03600f3 e-con-full e-flex e-con e-child\" data-id=\"03600f3\" data-element_type=\"container\" data-e-type=\"container\">\n\t\t\t\t<div class=\"elementor-element elementor-element-85260ea elementor-widget elementor-widget-heading\" data-id=\"85260ea\" data-element_type=\"widget\" data-e-type=\"widget\" data-widget_type=\"heading.default\">\n\t\t\t\t\t<h1 class=\"elementor-heading-title elementor-size-default\">Contacte<\/h1>\t\t\t\t<\/div>\n\t\t\t\t<div class=\"elementor-element elementor-element-220d66b elementor-widget__width-initial a-btn color-2 elementor-widget elementor-widget-text-editor\" data-id=\"220d66b\" data-element_type=\"widget\" data-e-type=\"widget\" data-widget_type=\"text-editor.default\">\n\t\t\t\t\t\t\t\t\t<p>Si est\u00e0s pensant en el teu nou projecte, pots posar-te en contacte amb nosaltres a trav\u00e9s del tel\u00e8fon, correu electr\u00f2nic o omplint el formulari<\/p>\n\t\t\t\t\t\t\t\t<\/div>\n\t\t\t\t<\/div>\n\t\t\t\t<\/div>\n\t\t<div class=\"elementor-element elementor-element-02bbc9f e-flex e-con-boxed e-con e-parent\" data-id=\"02bbc9f\" data-element_type=\"container\" data-e-type=\"container\" data-settings=\"{&quot;background_background&quot;:&quot;classic&quot;}\">\n\t\t\t\t\t<div class=\"e-con-inner\">\n\t\t<div class=\"elementor-element elementor-element-ade72b2 e-grid e-con-full e-con e-child\" data-id=\"ade72b2\" data-element_type=\"container\" data-e-type=\"container\">\n\t\t<div class=\"elementor-element elementor-element-e79c045 e-con-full e-flex e-con e-child\" data-id=\"e79c045\" data-element_type=\"container\" data-e-type=\"container\">\n\t\t\t\t<div class=\"elementor-element elementor-element-1647 elementor-widget elementor-widget-global elementor-global-1647 elementor-widget-text-editor\" data-id=\"1647\" data-element_type=\"widget\" data-e-type=\"widget\" data-widget_type=\"text-editor.default\">\n\t\t\t\t\t\t\t\t\t<p><strong>Xavier Garcia<\/strong><br \/><em>Founder<\/em><br \/><a href=\"mailto:x.garcia@iatrio.es\" target=\"_blank\" rel=\"noopener\">x.garcia@iatrio.es\u00a0<\/a><br \/>667 08 35 96<\/p>\t\t\t\t\t\t\t\t<\/div>\n\t\t\t\t<\/div>\n\t\t\t\t<div class=\"elementor-element elementor-element-43b3c6e elementor-widget__width-initial elementor-button-align-start elementor-widget elementor-widget-form\" data-id=\"43b3c6e\" data-element_type=\"widget\" data-e-type=\"widget\" data-settings=\"{&quot;step_next_label&quot;:&quot;Next&quot;,&quot;step_previous_label&quot;:&quot;Previous&quot;,&quot;button_width&quot;:&quot;100&quot;,&quot;step_type&quot;:&quot;number_text&quot;,&quot;step_icon_shape&quot;:&quot;circle&quot;}\" data-widget_type=\"form.default\">\n\t\t\t\t\t\t\t<form class=\"elementor-form\" method=\"post\" name=\"Contacte\" aria-label=\"Contacte\">\n\t\t\t<input type=\"hidden\" name=\"post_id\" value=\"1982\"\/>\n\t\t\t<input type=\"hidden\" name=\"form_id\" value=\"43b3c6e\"\/>\n\t\t\t<input type=\"hidden\" name=\"referer_title\" value=\"Iatrio\" \/>\n\n\t\t\t\n\t\t\t<div class=\"elementor-form-fields-wrapper elementor-labels-\">\n\t\t\t\t\t\t\t\t<div class=\"elementor-field-type-text elementor-field-group elementor-column elementor-field-group-name elementor-col-100 elementor-field-required\">\n\t\t\t\t\t\t\t\t\t\t\t\t<label for=\"form-field-name\" class=\"elementor-field-label elementor-screen-only\">\n\t\t\t\t\t\t\t\tNom\t\t\t\t\t\t\t<\/label>\n\t\t\t\t\t\t\t\t\t\t\t\t\t\t<input size=\"1\" type=\"text\" name=\"form_fields[name]\" id=\"form-field-name\" class=\"elementor-field elementor-size-sm  elementor-field-textual\" placeholder=\"Nom\" required=\"required\">\n\t\t\t\t\t\t\t\t\t\t\t<\/div>\n\t\t\t\t\t\t\t\t<div class=\"elementor-field-type-text elementor-field-group elementor-column elementor-field-group-field_31647c6 elementor-col-100 elementor-field-required\">\n\t\t\t\t\t\t\t\t\t\t\t\t<label for=\"form-field-field_31647c6\" class=\"elementor-field-label elementor-screen-only\">\n\t\t\t\t\t\t\t\tCognoms\t\t\t\t\t\t\t<\/label>\n\t\t\t\t\t\t\t\t\t\t\t\t\t\t<input size=\"1\" type=\"text\" name=\"form_fields[field_31647c6]\" id=\"form-field-field_31647c6\" class=\"elementor-field elementor-size-sm  elementor-field-textual\" placeholder=\"Cognoms\" required=\"required\">\n\t\t\t\t\t\t\t\t\t\t\t<\/div>\n\t\t\t\t\t\t\t\t<div class=\"elementor-field-type-tel elementor-field-group elementor-column elementor-field-group-field_ee01cf0 elementor-col-100 elementor-field-required\">\n\t\t\t\t\t\t\t<input size=\"1\" type=\"tel\" name=\"form_fields[field_ee01cf0]\" id=\"form-field-field_ee01cf0\" class=\"elementor-field elementor-size-sm  elementor-field-textual\" placeholder=\"Tel\u00e8fon\" required=\"required\" pattern=\"[0-9()#&amp;+*-=.]+\" title=\"Only numbers and phone characters (#, -, *, etc) are accepted.\">\n\n\t\t\t\t\t\t<\/div>\n\t\t\t\t\t\t\t\t<div class=\"elementor-field-type-email elementor-field-group elementor-column elementor-field-group-email elementor-col-100 elementor-field-required\">\n\t\t\t\t\t\t\t\t\t\t\t\t<label for=\"form-field-email\" class=\"elementor-field-label elementor-screen-only\">\n\t\t\t\t\t\t\t\tCorreu electr\u00f2nic\t\t\t\t\t\t\t<\/label>\n\t\t\t\t\t\t\t\t\t\t\t\t\t\t<input size=\"1\" type=\"email\" name=\"form_fields[email]\" id=\"form-field-email\" class=\"elementor-field elementor-size-sm  elementor-field-textual\" placeholder=\"Correu electr\u00f2nic\" required=\"required\">\n\t\t\t\t\t\t\t\t\t\t\t<\/div>\n\t\t\t\t\t\t\t\t<div class=\"elementor-field-type-textarea elementor-field-group elementor-column elementor-field-group-message elementor-col-100\">\n\t\t\t\t\t\t\t\t\t\t\t\t<label for=\"form-field-message\" class=\"elementor-field-label elementor-screen-only\">\n\t\t\t\t\t\t\t\tConsulta\t\t\t\t\t\t\t<\/label>\n\t\t\t\t\t\t<textarea class=\"elementor-field-textual elementor-field  elementor-size-sm\" name=\"form_fields[message]\" id=\"form-field-message\" rows=\"3\" placeholder=\"Consulta\"><\/textarea>\t\t\t\t<\/div>\n\t\t\t\t\t\t\t\t<div class=\"elementor-field-type-html elementor-field-group elementor-column elementor-field-group-field_5fe4830 elementor-col-100\">\n\t\t\t\t\tInformaci\u00f3 sobre el tractament de dades (Reglament (UE) 2016\/679 i LO 3\/2018)\r\n\r\nResponsable del tractament: Iatrio Team, S.L.\r\nFinalitat: Oferir, prestar i facturar els nostres serveis i productes.\r\nLegitimaci\u00f3: Consentiment de l'interessat.\r\nDestinataris: Les dades no se cediran a tercers, excepte si ho exigeix una llei o \u00e9s necessari per complir amb la finalitat del tractament.\r\nDrets: Accedir, rectificar i suprimir dades, aix\u00ed com els altres que s'expliquen a la pol\u00edtica de privacitat.\r\nM\u00e9s informaci\u00f3 a la nostra pol\u00edtica de privacitat.\r\n\r\n* Camps obligatoris\t\t\t\t<\/div>\n\t\t\t\t\t\t\t\t<div class=\"elementor-field-type-acceptance elementor-field-group elementor-column elementor-field-group-field_d2b7eee elementor-col-100 elementor-field-required\">\n\t\t\t\t\t\t\t\t\t\t\t\t<label for=\"form-field-field_d2b7eee\" class=\"elementor-field-label elementor-screen-only\">\n\t\t\t\t\t\t\t\tPol\u00edtica de privacitat\t\t\t\t\t\t\t<\/label>\n\t\t\t\t\t\t\t\t<div class=\"elementor-field-subgroup\">\n\t\t\t<span class=\"elementor-field-option\">\n\t\t\t\t<input type=\"checkbox\" name=\"form_fields[field_d2b7eee]\" id=\"form-field-field_d2b7eee\" class=\"elementor-field elementor-size-sm  elementor-acceptance-field\" required=\"required\">\n\t\t\t\t<label for=\"form-field-field_d2b7eee\">Accepto la <a href=\"https:\/\/iatrio.es\/ca\/politica-de-privacitat\/\" target=\"_blank\">pol\u00edtica de privacitat<\/a><\/label>\t\t\t<\/span>\n\t\t<\/div>\n\t\t\t\t\t\t<\/div>\n\t\t\t\t\t\t\t\t<div class=\"elementor-field-type-acceptance elementor-field-group elementor-column elementor-field-group-field_69e0310 elementor-col-100\">\n\t\t\t\t\t\t\t\t\t\t\t\t<label for=\"form-field-field_69e0310\" class=\"elementor-field-label elementor-screen-only\">\n\t\t\t\t\t\t\t\tinfo comercial\t\t\t\t\t\t\t<\/label>\n\t\t\t\t\t\t\t\t<div class=\"elementor-field-subgroup\">\n\t\t\t<span class=\"elementor-field-option\">\n\t\t\t\t<input type=\"checkbox\" name=\"form_fields[field_69e0310]\" id=\"form-field-field_69e0310\" class=\"elementor-field elementor-size-sm  elementor-acceptance-field\">\n\t\t\t\t<label for=\"form-field-field_69e0310\">Accepto rebre informaci\u00f3 comercial, tamb\u00e9 per correu electr\u00f2nic<\/label>\t\t\t<\/span>\n\t\t<\/div>\n\t\t\t\t\t\t<\/div>\n\t\t\t\t\t\t\t\t<div class=\"elementor-field-type-recaptcha_v3 elementor-field-group elementor-column elementor-field-group-field_2141db0 elementor-col-100 recaptcha_v3-bottomright\">\n\t\t\t\t\t<div class=\"elementor-field\" id=\"form-field-field_2141db0\"><div class=\"elementor-g-recaptcha\" data-sitekey=\"6LciCfYqAAAAAB0PV0qt0natrqUiWr_TB8KRAwru\" data-type=\"v3\" data-action=\"Form\" data-badge=\"bottomright\" data-size=\"invisible\"><\/div><\/div>\t\t\t\t<\/div>\n\t\t\t\t\t\t\t\t<div class=\"elementor-field-group elementor-column elementor-field-type-submit elementor-col-100 e-form__buttons\">\n\t\t\t\t\t<button class=\"elementor-button elementor-size-sm\" type=\"submit\">\n\t\t\t\t\t\t<span class=\"elementor-button-content-wrapper\">\n\t\t\t\t\t\t\t\t\t\t\t\t\t\t\t\t\t\t\t\t\t\t<span class=\"elementor-button-text\">Enviar<\/span>\n\t\t\t\t\t\t\t\t\t\t\t\t\t<\/span>\n\t\t\t\t\t<\/button>\n\t\t\t\t<\/div>\n\t\t\t<\/div>\n\t\t<\/form>\n\t\t\t\t\t\t<\/div>\n\t\t\t\t<\/div>\n\t\t\t\t\t<\/div>\n\t\t\t\t<\/div>\n\t\t\t\t<\/div>\n\t\t","protected":false},"excerpt":{"rendered":"<p>Contacte Si est\u00e0s pensant en el teu nou projecte, pots posar-te en contacte amb nosaltres a trav\u00e9s del tel\u00e8fon, correu electr\u00f2nic o omplint el formulari Xavier GarciaFounderx.garcia@iatrio.es\u00a0667 08 35 96<\/p>\n","protected":false},"author":1,"featured_media":0,"parent":0,"menu_order":0,"comment_status":"closed","ping_status":"closed","template":"page-header-clar.php","meta":{"_acf_changed":false,"footnotes":""},"class_list":["post-1982","page","type-page","status-publish","hentry"],"acf":[],"yoast_head":"<!-- This site is optimized with the Yoast SEO plugin v27.4 - https:\/\/yoast.com\/product\/yoast-seo-wordpress\/ -->\n<title>Contacte - Iatrio<\/title>\n<meta name=\"robots\" content=\"index, follow, max-snippet:-1, max-image-preview:large, max-video-preview:-1\" \/>\n<link rel=\"canonical\" href=\"https:\/\/iatrio.es\/contacto\/\" \/>\n<meta property=\"og:locale\" content=\"ca_ES\" \/>\n<meta property=\"og:type\" content=\"article\" \/>\n<meta property=\"og:title\" content=\"Contacte - Iatrio\" \/>\n<meta property=\"og:description\" content=\"Contacte Si est\u00e0s pensant en el teu nou projecte, pots posar-te en contacte amb nosaltres a trav\u00e9s del tel\u00e8fon, correu electr\u00f2nic o omplint el formulari Xavier GarciaFounderx.garcia@iatrio.es\u00a0667 08 35 96\" \/>\n<meta property=\"og:url\" content=\"https:\/\/iatrio.es\/contacto\/\" \/>\n<meta property=\"og:site_name\" content=\"Iatrio\" \/>\n<meta property=\"article:modified_time\" content=\"2025-04-05T06:45:23+00:00\" \/>\n<meta name=\"twitter:card\" content=\"summary_large_image\" \/>\n<script type=\"application\/ld+json\" class=\"yoast-schema-graph\">{\"@context\":\"https:\\\/\\\/schema.org\",\"@graph\":[{\"@type\":\"WebPage\",\"@id\":\"https:\\\/\\\/iatrio.es\\\/contacto\\\/\",\"url\":\"https:\\\/\\\/iatrio.es\\\/contacto\\\/\",\"name\":\"Contacte - Iatrio\",\"isPartOf\":{\"@id\":\"https:\\\/\\\/iatrio.es\\\/#website\"},\"datePublished\":\"2024-12-02T09:10:32+00:00\",\"dateModified\":\"2025-04-05T06:45:23+00:00\",\"breadcrumb\":{\"@id\":\"https:\\\/\\\/iatrio.es\\\/contacto\\\/#breadcrumb\"},\"inLanguage\":\"ca\",\"potentialAction\":[{\"@type\":\"ReadAction\",\"target\":[\"https:\\\/\\\/iatrio.es\\\/contacto\\\/\"]}]},{\"@type\":\"BreadcrumbList\",\"@id\":\"https:\\\/\\\/iatrio.es\\\/contacto\\\/#breadcrumb\",\"itemListElement\":[{\"@type\":\"ListItem\",\"position\":1,\"name\":\"Inici\",\"item\":\"https:\\\/\\\/iatrio.es\\\/\"},{\"@type\":\"ListItem\",\"position\":2,\"name\":\"Contacte\"}]},{\"@type\":\"WebSite\",\"@id\":\"https:\\\/\\\/iatrio.es\\\/#website\",\"url\":\"https:\\\/\\\/iatrio.es\\\/\",\"name\":\"Iatrio\",\"description\":\"Fabricaci\u00f3 de mobiliari, plv i retail.\",\"publisher\":{\"@id\":\"https:\\\/\\\/iatrio.es\\\/#organization\"},\"potentialAction\":[{\"@type\":\"SearchAction\",\"target\":{\"@type\":\"EntryPoint\",\"urlTemplate\":\"https:\\\/\\\/iatrio.es\\\/?s={search_term_string}\"},\"query-input\":{\"@type\":\"PropertyValueSpecification\",\"valueRequired\":true,\"valueName\":\"search_term_string\"}}],\"inLanguage\":\"ca\"},{\"@type\":\"Organization\",\"@id\":\"https:\\\/\\\/iatrio.es\\\/#organization\",\"name\":\"Iatrio\",\"url\":\"https:\\\/\\\/iatrio.es\\\/\",\"logo\":{\"@type\":\"ImageObject\",\"inLanguage\":\"ca\",\"@id\":\"https:\\\/\\\/iatrio.es\\\/#\\\/schema\\\/logo\\\/image\\\/\",\"url\":\"https:\\\/\\\/iatrio.es\\\/wp-content\\\/uploads\\\/2024\\\/12\\\/IATRIO-logo.svg\",\"contentUrl\":\"https:\\\/\\\/iatrio.es\\\/wp-content\\\/uploads\\\/2024\\\/12\\\/IATRIO-logo.svg\",\"width\":163,\"height\":31,\"caption\":\"Iatrio\"},\"image\":{\"@id\":\"https:\\\/\\\/iatrio.es\\\/#\\\/schema\\\/logo\\\/image\\\/\"}}]}<\/script>\n<!-- \/ Yoast SEO plugin. -->","yoast_head_json":{"title":"Contacte - Iatrio","robots":{"index":"index","follow":"follow","max-snippet":"max-snippet:-1","max-image-preview":"max-image-preview:large","max-video-preview":"max-video-preview:-1"},"canonical":"https:\/\/iatrio.es\/contacto\/","og_locale":"ca_ES","og_type":"article","og_title":"Contacte - Iatrio","og_description":"Contacte Si est\u00e0s pensant en el teu nou projecte, pots posar-te en contacte amb nosaltres a trav\u00e9s del tel\u00e8fon, correu electr\u00f2nic o omplint el formulari Xavier GarciaFounderx.garcia@iatrio.es\u00a0667 08 35 96","og_url":"https:\/\/iatrio.es\/contacto\/","og_site_name":"Iatrio","article_modified_time":"2025-04-05T06:45:23+00:00","twitter_card":"summary_large_image","schema":{"@context":"https:\/\/schema.org","@graph":[{"@type":"WebPage","@id":"https:\/\/iatrio.es\/contacto\/","url":"https:\/\/iatrio.es\/contacto\/","name":"Contacte - Iatrio","isPartOf":{"@id":"https:\/\/iatrio.es\/#website"},"datePublished":"2024-12-02T09:10:32+00:00","dateModified":"2025-04-05T06:45:23+00:00","breadcrumb":{"@id":"https:\/\/iatrio.es\/contacto\/#breadcrumb"},"inLanguage":"ca","potentialAction":[{"@type":"ReadAction","target":["https:\/\/iatrio.es\/contacto\/"]}]},{"@type":"BreadcrumbList","@id":"https:\/\/iatrio.es\/contacto\/#breadcrumb","itemListElement":[{"@type":"ListItem","position":1,"name":"Inici","item":"https:\/\/iatrio.es\/"},{"@type":"ListItem","position":2,"name":"Contacte"}]},{"@type":"WebSite","@id":"https:\/\/iatrio.es\/#website","url":"https:\/\/iatrio.es\/","name":"Iatrio","description":"Fabricaci\u00f3 de mobiliari, plv i retail.","publisher":{"@id":"https:\/\/iatrio.es\/#organization"},"potentialAction":[{"@type":"SearchAction","target":{"@type":"EntryPoint","urlTemplate":"https:\/\/iatrio.es\/?s={search_term_string}"},"query-input":{"@type":"PropertyValueSpecification","valueRequired":true,"valueName":"search_term_string"}}],"inLanguage":"ca"},{"@type":"Organization","@id":"https:\/\/iatrio.es\/#organization","name":"Iatrio","url":"https:\/\/iatrio.es\/","logo":{"@type":"ImageObject","inLanguage":"ca","@id":"https:\/\/iatrio.es\/#\/schema\/logo\/image\/","url":"https:\/\/iatrio.es\/wp-content\/uploads\/2024\/12\/IATRIO-logo.svg","contentUrl":"https:\/\/iatrio.es\/wp-content\/uploads\/2024\/12\/IATRIO-logo.svg","width":163,"height":31,"caption":"Iatrio"},"image":{"@id":"https:\/\/iatrio.es\/#\/schema\/logo\/image\/"}}]}},"_links":{"self":[{"href":"https:\/\/iatrio.es\/ca\/wp-json\/wp\/v2\/pages\/1982","targetHints":{"allow":["GET"]}}],"collection":[{"href":"https:\/\/iatrio.es\/ca\/wp-json\/wp\/v2\/pages"}],"about":[{"href":"https:\/\/iatrio.es\/ca\/wp-json\/wp\/v2\/types\/page"}],"author":[{"embeddable":true,"href":"https:\/\/iatrio.es\/ca\/wp-json\/wp\/v2\/users\/1"}],"replies":[{"embeddable":true,"href":"https:\/\/iatrio.es\/ca\/wp-json\/wp\/v2\/comments?post=1982"}],"version-history":[{"count":2,"href":"https:\/\/iatrio.es\/ca\/wp-json\/wp\/v2\/pages\/1982\/revisions"}],"predecessor-version":[{"id":2096,"href":"https:\/\/iatrio.es\/ca\/wp-json\/wp\/v2\/pages\/1982\/revisions\/2096"}],"wp:attachment":[{"href":"https:\/\/iatrio.es\/ca\/wp-json\/wp\/v2\/media?parent=1982"}],"curies":[{"name":"wp","href":"https:\/\/api.w.org\/{rel}","templated":true}]}}